{"id":57,"date":"2025-11-21T15:18:28","date_gmt":"2025-11-21T15:18:28","guid":{"rendered":"https:\/\/francknagradjuje.ba\/?page_id=57"},"modified":"2026-01-27T09:24:36","modified_gmt":"2026-01-27T09:24:36","slug":"nagradna-igra-rs-2","status":"publish","type":"page","link":"https:\/\/francknagradjuje.ba\/index.php\/nagradna-igra-rs-2\/","title":{"rendered":"Nagradna igra &#8211; RS"},"content":{"rendered":"\t\t<div data-elementor-type=\"wp-page\" data-elementor-id=\"57\" class=\"elementor elementor-57\">\n\t\t\t\t<div class=\"elementor-element elementor-element-dbb9ccb elementor-hidden-desktop e-flex e-con-boxed e-con e-parent\" data-id=\"dbb9ccb\" data-element_type=\"container\" data-settings=\"{&quot;animation_mobile&quot;:&quot;fadeInDown&quot;}\">\n\t\t\t\t\t<div class=\"e-con-inner\">\n\t\t<div class=\"elementor-element elementor-element-c95f511 e-con-full e-flex e-con e-child\" data-id=\"c95f511\" data-element_type=\"container\">\n\t\t\t\t<div class=\"elementor-element elementor-element-57570c0 elementor-widget elementor-widget-image\" data-id=\"57570c0\" data-element_type=\"widget\" data-widget_type=\"image.default\">\n\t\t\t\t\t\t\t\t\t\t\t\t\t\t\t<img fetchpriority=\"high\" decoding=\"async\" width=\"800\" height=\"833\" src=\"https:\/\/francknagradjuje.ba\/wp-content\/uploads\/2025\/11\/franck-logo-e1763736517721.png\" class=\"attachment-large size-large wp-image-18\" alt=\"\" srcset=\"https:\/\/francknagradjuje.ba\/wp-content\/uploads\/2025\/11\/franck-logo-e1763736517721.png 943w, https:\/\/francknagradjuje.ba\/wp-content\/uploads\/2025\/11\/franck-logo-e1763736517721-288x300.png 288w, https:\/\/francknagradjuje.ba\/wp-content\/uploads\/2025\/11\/franck-logo-e1763736517721-768x800.png 768w\" sizes=\"(max-width: 800px) 100vw, 800px\" \/>\t\t\t\t\t\t\t\t\t\t\t\t\t\t\t<\/div>\n\t\t\t\t<\/div>\n\t\t<div class=\"elementor-element elementor-element-2e09727 e-con-full e-flex e-con e-child\" data-id=\"2e09727\" data-element_type=\"container\">\n\t\t\t\t<div class=\"elementor-element elementor-element-0b22143 elementor-widget elementor-widget-image\" data-id=\"0b22143\" data-element_type=\"widget\" data-widget_type=\"image.default\">\n\t\t\t\t\t\t\t\t\t\t\t\t\t\t\t<img decoding=\"async\" width=\"800\" height=\"334\" src=\"https:\/\/francknagradjuje.ba\/wp-content\/uploads\/2025\/11\/bingo-logo-e1763736466637.png\" class=\"attachment-large size-large wp-image-17\" alt=\"\" srcset=\"https:\/\/francknagradjuje.ba\/wp-content\/uploads\/2025\/11\/bingo-logo-e1763736466637.png 1000w, https:\/\/francknagradjuje.ba\/wp-content\/uploads\/2025\/11\/bingo-logo-e1763736466637-300x125.png 300w, https:\/\/francknagradjuje.ba\/wp-content\/uploads\/2025\/11\/bingo-logo-e1763736466637-768x320.png 768w\" sizes=\"(max-width: 800px) 100vw, 800px\" \/>\t\t\t\t\t\t\t\t\t\t\t\t\t\t\t<\/div>\n\t\t\t\t<\/div>\n\t\t\t\t\t<\/div>\n\t\t\t\t<\/div>\n\t\t<div class=\"elementor-element elementor-element-6a70a0e e-con-full e-flex elementor-invisible e-con e-parent\" data-id=\"6a70a0e\" data-element_type=\"container\" data-settings=\"{&quot;animation&quot;:&quot;fadeIn&quot;}\">\n\t\t<div class=\"elementor-element elementor-element-d9f0c1c e-con-full e-flex e-con e-child\" data-id=\"d9f0c1c\" data-element_type=\"container\">\n\t\t\t\t<div class=\"elementor-element elementor-element-96a7b97 elementor-widget elementor-widget-heading\" data-id=\"96a7b97\" data-element_type=\"widget\" data-widget_type=\"heading.default\">\n\t\t\t\t\t<h2 class=\"elementor-heading-title elementor-size-default\">Uz <span style=\"color:red;font-weight:900\">Franck <\/span>svaki <br>\ndan u\u017eivaj i super <br>\nnagrade osvajaj!<\/h2>\t\t\t\t<\/div>\n\t\t\t\t<div class=\"elementor-element elementor-element-1f994f3 elementor-widget elementor-widget-heading\" data-id=\"1f994f3\" data-element_type=\"widget\" data-widget_type=\"heading.default\">\n\t\t\t\t\t<h3 class=\"elementor-heading-title elementor-size-default\">NAGRADNA IGRA 01.12. - 31.12.2025.<\/h3>\t\t\t\t<\/div>\n\t\t\t\t<\/div>\n\t\t<div class=\"elementor-element elementor-element-e453cca e-con-full elementor-hidden-tablet elementor-hidden-mobile e-flex e-con e-child\" data-id=\"e453cca\" data-element_type=\"container\">\n\t\t\t\t<div class=\"elementor-element elementor-element-12811ef elementor-widget elementor-widget-image\" data-id=\"12811ef\" data-element_type=\"widget\" data-widget_type=\"image.default\">\n\t\t\t\t\t\t\t\t\t\t\t\t\t\t\t<img decoding=\"async\" width=\"943\" height=\"982\" src=\"https:\/\/francknagradjuje.ba\/wp-content\/uploads\/2025\/11\/franck-logo-e1763736517721.png\" class=\"attachment-full size-full wp-image-18\" alt=\"\" srcset=\"https:\/\/francknagradjuje.ba\/wp-content\/uploads\/2025\/11\/franck-logo-e1763736517721.png 943w, https:\/\/francknagradjuje.ba\/wp-content\/uploads\/2025\/11\/franck-logo-e1763736517721-288x300.png 288w, https:\/\/francknagradjuje.ba\/wp-content\/uploads\/2025\/11\/franck-logo-e1763736517721-768x800.png 768w\" sizes=\"(max-width: 943px) 100vw, 943px\" \/>\t\t\t\t\t\t\t\t\t\t\t\t\t\t\t<\/div>\n\t\t\t\t<div class=\"elementor-element elementor-element-2877499 elementor-widget elementor-widget-image\" data-id=\"2877499\" data-element_type=\"widget\" data-widget_type=\"image.default\">\n\t\t\t\t\t\t\t\t\t\t\t\t\t\t\t<img decoding=\"async\" width=\"800\" height=\"334\" src=\"https:\/\/francknagradjuje.ba\/wp-content\/uploads\/2025\/11\/bingo-logo-e1763736466637.png\" class=\"attachment-large size-large wp-image-17\" alt=\"\" srcset=\"https:\/\/francknagradjuje.ba\/wp-content\/uploads\/2025\/11\/bingo-logo-e1763736466637.png 1000w, https:\/\/francknagradjuje.ba\/wp-content\/uploads\/2025\/11\/bingo-logo-e1763736466637-300x125.png 300w, https:\/\/francknagradjuje.ba\/wp-content\/uploads\/2025\/11\/bingo-logo-e1763736466637-768x320.png 768w\" sizes=\"(max-width: 800px) 100vw, 800px\" \/>\t\t\t\t\t\t\t\t\t\t\t\t\t\t\t<\/div>\n\t\t\t\t<\/div>\n\t\t\t\t<\/div>\n\t\t<div class=\"elementor-element elementor-element-fe4e0f8 e-con-full e-flex elementor-invisible e-con e-parent\" data-id=\"fe4e0f8\" data-element_type=\"container\" data-settings=\"{&quot;animation&quot;:&quot;fadeIn&quot;}\">\n\t\t<div class=\"elementor-element elementor-element-8958e71 e-con-full e-flex e-con e-child\" data-id=\"8958e71\" data-element_type=\"container\">\n\t\t\t\t<div class=\"elementor-element elementor-element-6f3afe8 elementor-widget elementor-widget-heading\" data-id=\"6f3afe8\" data-element_type=\"widget\" data-widget_type=\"heading.default\">\n\t\t\t\t\t<h3 class=\"elementor-heading-title elementor-size-default\">Kupovinom  <span style=\"color:red;font-weight:900\"> Franck artikala <\/span>u minimalnoj vrijednosti od 15 KM u\u010destvuj u nagradnoj igri!<\/h3>\t\t\t\t<\/div>\n\t\t\t\t<div class=\"elementor-element elementor-element-a02a2da elementor-widget elementor-widget-heading\" data-id=\"a02a2da\" data-element_type=\"widget\" data-widget_type=\"heading.default\">\n\t\t\t\t\t<h3 class=\"elementor-heading-title elementor-size-default\">Po\u0161alji SMS sadr\u017eaja: broj fiskalnog ra\u010duna, ime i prezime, grad prebivali\u0161ta na<b> 091 212 414 <\/b>(cijena SMS poruke 0,20 KM+PDV) ili ispuni formu putem internet stranice: <b>www.francknagradjuje.ba<\/b><\/h3>\t\t\t\t<\/div>\n\t\t\t\t<div class=\"elementor-element elementor-element-da59d64 elementor-align-left elementor-mobile-align-justify elementor-widget elementor-widget-button\" data-id=\"da59d64\" data-element_type=\"widget\" data-widget_type=\"button.default\">\n\t\t\t\t\t\t\t\t\t\t<a class=\"elementor-button elementor-button-link elementor-size-sm\" href=\"https:\/\/francknagradjuje.ba\/index.php\/dobitnici-rs\/\">\n\t\t\t\t\t\t<span class=\"elementor-button-content-wrapper\">\n\t\t\t\t\t\t\t\t\t<span class=\"elementor-button-text\">Pogledaj dobitnike<\/span>\n\t\t\t\t\t<\/span>\n\t\t\t\t\t<\/a>\n\t\t\t\t\t\t\t\t<\/div>\n\t\t\t\t<\/div>\n\t\t<div class=\"elementor-element elementor-element-a255556 e-con-full elementor-hidden-tablet elementor-hidden-mobile e-flex e-con e-child\" data-id=\"a255556\" data-element_type=\"container\">\n\t\t\t\t<\/div>\n\t\t\t\t<\/div>\n\t\t<div class=\"elementor-element elementor-element-b70c5fe e-con-full e-flex e-con e-parent\" data-id=\"b70c5fe\" data-element_type=\"container\">\n\t\t\t\t<div class=\"elementor-element elementor-element-c95d3c4 elementor-invisible elementor-widget elementor-widget-image\" data-id=\"c95d3c4\" data-element_type=\"widget\" data-settings=\"{&quot;_animation&quot;:&quot;fadeInRight&quot;}\" data-widget_type=\"image.default\">\n\t\t\t\t\t\t\t\t\t\t\t\t\t\t\t<img loading=\"lazy\" decoding=\"async\" width=\"1920\" height=\"835\" src=\"https:\/\/francknagradjuje.ba\/wp-content\/uploads\/2025\/11\/kartica-e1763736958409.png\" class=\"attachment-full size-full wp-image-24\" alt=\"\" srcset=\"https:\/\/francknagradjuje.ba\/wp-content\/uploads\/2025\/11\/kartica-e1763736958409.png 1920w, https:\/\/francknagradjuje.ba\/wp-content\/uploads\/2025\/11\/kartica-e1763736958409-300x130.png 300w, https:\/\/francknagradjuje.ba\/wp-content\/uploads\/2025\/11\/kartica-e1763736958409-1024x445.png 1024w, https:\/\/francknagradjuje.ba\/wp-content\/uploads\/2025\/11\/kartica-e1763736958409-768x334.png 768w, https:\/\/francknagradjuje.ba\/wp-content\/uploads\/2025\/11\/kartica-e1763736958409-1536x668.png 1536w\" sizes=\"(max-width: 1920px) 100vw, 1920px\" \/>\t\t\t\t\t\t\t\t\t\t\t\t\t\t\t<\/div>\n\t\t\t\t<\/div>\n\t\t<div class=\"elementor-element elementor-element-c817306 e-flex e-con-boxed e-con e-parent\" data-id=\"c817306\" data-element_type=\"container\">\n\t\t\t\t\t<div class=\"e-con-inner\">\n\t\t<div class=\"elementor-element elementor-element-2e7379e e-con-full e-flex e-con e-child\" data-id=\"2e7379e\" data-element_type=\"container\">\n\t\t\t\t<div class=\"elementor-element elementor-element-c8b8204 elementor-invisible elementor-widget elementor-widget-image\" data-id=\"c8b8204\" data-element_type=\"widget\" data-settings=\"{&quot;_animation&quot;:&quot;fadeIn&quot;}\" data-widget_type=\"image.default\">\n\t\t\t\t\t\t\t\t\t\t\t\t\t\t\t<img loading=\"lazy\" decoding=\"async\" width=\"1000\" height=\"552\" src=\"https:\/\/francknagradjuje.ba\/wp-content\/uploads\/2025\/11\/tv-v2-e1763737063131.png\" class=\"attachment-full size-full wp-image-23\" alt=\"\" srcset=\"https:\/\/francknagradjuje.ba\/wp-content\/uploads\/2025\/11\/tv-v2-e1763737063131.png 1000w, https:\/\/francknagradjuje.ba\/wp-content\/uploads\/2025\/11\/tv-v2-e1763737063131-300x166.png 300w, https:\/\/francknagradjuje.ba\/wp-content\/uploads\/2025\/11\/tv-v2-e1763737063131-768x424.png 768w\" sizes=\"(max-width: 1000px) 100vw, 1000px\" \/>\t\t\t\t\t\t\t\t\t\t\t\t\t\t\t<\/div>\n\t\t\t\t<\/div>\n\t\t<div class=\"elementor-element elementor-element-77e5a72 e-con-full e-flex e-con e-child\" data-id=\"77e5a72\" data-element_type=\"container\">\n\t\t\t\t<div class=\"elementor-element elementor-element-298eb3f elementor-invisible elementor-widget elementor-widget-image\" data-id=\"298eb3f\" data-element_type=\"widget\" data-settings=\"{&quot;_animation&quot;:&quot;fadeIn&quot;,&quot;_animation_delay&quot;:300}\" data-widget_type=\"image.default\">\n\t\t\t\t\t\t\t\t\t\t\t\t\t\t\t<img loading=\"lazy\" decoding=\"async\" width=\"800\" height=\"636\" src=\"https:\/\/francknagradjuje.ba\/wp-content\/uploads\/2025\/11\/sat-v2-e1763738478214.png\" class=\"attachment-large size-large wp-image-22\" alt=\"\" srcset=\"https:\/\/francknagradjuje.ba\/wp-content\/uploads\/2025\/11\/sat-v2-e1763738478214.png 1000w, https:\/\/francknagradjuje.ba\/wp-content\/uploads\/2025\/11\/sat-v2-e1763738478214-300x239.png 300w, https:\/\/francknagradjuje.ba\/wp-content\/uploads\/2025\/11\/sat-v2-e1763738478214-768x611.png 768w\" sizes=\"(max-width: 800px) 100vw, 800px\" \/>\t\t\t\t\t\t\t\t\t\t\t\t\t\t\t<\/div>\n\t\t\t\t<\/div>\n\t\t\t\t\t<\/div>\n\t\t\t\t<\/div>\n\t\t<div class=\"elementor-element elementor-element-0c0d6b0 e-con-full e-flex e-con e-parent\" data-id=\"0c0d6b0\" data-element_type=\"container\">\n\t\t<div class=\"elementor-element elementor-element-11b57a8 e-con-full e-flex e-con e-child\" data-id=\"11b57a8\" data-element_type=\"container\">\n\t\t\t\t<div class=\"elementor-element elementor-element-c8a29da elementor-invisible elementor-widget elementor-widget-image\" data-id=\"c8a29da\" data-element_type=\"widget\" data-settings=\"{&quot;_animation&quot;:&quot;fadeIn&quot;,&quot;_animation_delay&quot;:300}\" data-widget_type=\"image.default\">\n\t\t\t\t\t\t\t\t\t\t\t\t\t\t\t<img loading=\"lazy\" decoding=\"async\" width=\"1000\" height=\"640\" src=\"https:\/\/francknagradjuje.ba\/wp-content\/uploads\/2025\/11\/telefon-v2-e1763737278938.png\" class=\"attachment-full size-full wp-image-21\" alt=\"\" srcset=\"https:\/\/francknagradjuje.ba\/wp-content\/uploads\/2025\/11\/telefon-v2-e1763737278938.png 1000w, https:\/\/francknagradjuje.ba\/wp-content\/uploads\/2025\/11\/telefon-v2-e1763737278938-300x192.png 300w, https:\/\/francknagradjuje.ba\/wp-content\/uploads\/2025\/11\/telefon-v2-e1763737278938-768x492.png 768w\" sizes=\"(max-width: 1000px) 100vw, 1000px\" \/>\t\t\t\t\t\t\t\t\t\t\t\t\t\t\t<\/div>\n\t\t\t\t<\/div>\n\t\t<div class=\"elementor-element elementor-element-e5a24df e-con-full e-flex e-con e-child\" data-id=\"e5a24df\" data-element_type=\"container\">\n\t\t\t\t<div class=\"elementor-element elementor-element-c1ad613 elementor-invisible elementor-widget elementor-widget-image\" data-id=\"c1ad613\" data-element_type=\"widget\" data-settings=\"{&quot;_animation&quot;:&quot;fadeIn&quot;,&quot;_animation_delay&quot;:600}\" data-widget_type=\"image.default\">\n\t\t\t\t\t\t\t\t\t\t\t\t\t\t\t<img loading=\"lazy\" decoding=\"async\" width=\"1000\" height=\"1000\" src=\"https:\/\/francknagradjuje.ba\/wp-content\/uploads\/2025\/11\/pokloni-v2.png\" class=\"attachment-full size-full wp-image-20\" alt=\"\" srcset=\"https:\/\/francknagradjuje.ba\/wp-content\/uploads\/2025\/11\/pokloni-v2.png 1000w, https:\/\/francknagradjuje.ba\/wp-content\/uploads\/2025\/11\/pokloni-v2-300x300.png 300w, https:\/\/francknagradjuje.ba\/wp-content\/uploads\/2025\/11\/pokloni-v2-150x150.png 150w, https:\/\/francknagradjuje.ba\/wp-content\/uploads\/2025\/11\/pokloni-v2-768x768.png 768w\" sizes=\"(max-width: 1000px) 100vw, 1000px\" \/>\t\t\t\t\t\t\t\t\t\t\t\t\t\t\t<\/div>\n\t\t\t\t<\/div>\n\t\t<div class=\"elementor-element elementor-element-23dad9f e-con-full e-flex e-con e-child\" data-id=\"23dad9f\" data-element_type=\"container\">\n\t\t\t\t<div class=\"elementor-element elementor-element-a711009 elementor-invisible elementor-widget elementor-widget-image\" data-id=\"a711009\" data-element_type=\"widget\" data-settings=\"{&quot;_animation&quot;:&quot;fadeIn&quot;,&quot;_animation_delay&quot;:900}\" data-widget_type=\"image.default\">\n\t\t\t\t\t\t\t\t\t\t\t\t\t\t\t<img loading=\"lazy\" decoding=\"async\" width=\"1000\" height=\"1000\" src=\"https:\/\/francknagradjuje.ba\/wp-content\/uploads\/2025\/11\/smart-aparat-v2.png\" class=\"attachment-full size-full wp-image-19\" alt=\"\" srcset=\"https:\/\/francknagradjuje.ba\/wp-content\/uploads\/2025\/11\/smart-aparat-v2.png 1000w, https:\/\/francknagradjuje.ba\/wp-content\/uploads\/2025\/11\/smart-aparat-v2-300x300.png 300w, https:\/\/francknagradjuje.ba\/wp-content\/uploads\/2025\/11\/smart-aparat-v2-150x150.png 150w, https:\/\/francknagradjuje.ba\/wp-content\/uploads\/2025\/11\/smart-aparat-v2-768x768.png 768w\" sizes=\"(max-width: 1000px) 100vw, 1000px\" \/>\t\t\t\t\t\t\t\t\t\t\t\t\t\t\t<\/div>\n\t\t\t\t<\/div>\n\t\t\t\t<\/div>\n\t\t<div class=\"elementor-element elementor-element-171c325 e-flex e-con-boxed elementor-invisible e-con e-parent\" data-id=\"171c325\" data-element_type=\"container\" data-settings=\"{&quot;animation&quot;:&quot;fadeInUp&quot;}\">\n\t\t\t\t\t<div class=\"e-con-inner\">\n\t\t<div class=\"elementor-element elementor-element-549be8e e-con-full e-flex e-con e-child\" data-id=\"549be8e\" data-element_type=\"container\" data-settings=\"{&quot;background_background&quot;:&quot;classic&quot;}\">\n\t\t\t\t<div class=\"elementor-element elementor-element-5ed8048 elementor-hidden-desktop elementor-hidden-tablet elementor-hidden-mobile eael-contact-form-7-button-align-left eael-contact-form-7-button-custom elementor-widget elementor-widget-eael-contact-form-7\" data-id=\"5ed8048\" data-element_type=\"widget\" data-widget_type=\"eael-contact-form-7.default\">\n\t\t\t\t\t<div class=\"eael-contact-form-7-wrapper\">\n                <div class=\"eael-contact-form eael-contact-form-7 eael-contact-form-5ed8048 placeholder-show eael-contact-form-align-default\">\n<div class=\"wpcf7 no-js\" id=\"wpcf7-f9-o1\" lang=\"en-US\" dir=\"ltr\" data-wpcf7-id=\"9\">\n<div class=\"screen-reader-response\"><p role=\"status\" aria-live=\"polite\" aria-atomic=\"true\"><\/p> <ul><\/ul><\/div>\n<form action=\"\/index.php\/wp-json\/wp\/v2\/pages\/57#wpcf7-f9-o1\" method=\"post\" class=\"wpcf7-form init\" aria-label=\"Contact form\" novalidate=\"novalidate\" data-status=\"init\">\n<fieldset class=\"hidden-fields-container\"><input type=\"hidden\" name=\"_wpcf7\" value=\"9\" \/><input type=\"hidden\" name=\"_wpcf7_version\" value=\"6.1.4\" \/><input type=\"hidden\" name=\"_wpcf7_locale\" value=\"en_US\" \/><input type=\"hidden\" name=\"_wpcf7_unit_tag\" value=\"wpcf7-f9-o1\" \/><input type=\"hidden\" name=\"_wpcf7_container_post\" value=\"0\" \/><input type=\"hidden\" name=\"_wpcf7_posted_data_hash\" value=\"\" \/>\n<\/fieldset>\n<p><label> Broj telefona<br \/>\n<span class=\"wpcf7-form-control-wrap\" data-name=\"tel-28\"><input size=\"40\" maxlength=\"400\" class=\"wpcf7-form-control wpcf7-tel wpcf7-validates-as-required wpcf7-text wpcf7-validates-as-tel\" aria-required=\"true\" aria-invalid=\"false\" placeholder=\"06xxxxxxx ili +3876xxxxxxx\" value=\"\" type=\"tel\" name=\"tel-28\" \/><\/span> <\/label>\n<\/p>\n<p><label> PFR broj ra\u010duna<br \/>\n<span class=\"wpcf7-form-control-wrap\" data-name=\"your-number\"><input size=\"40\" maxlength=\"400\" class=\"wpcf7-form-control wpcf7-text wpcf7-validates-as-required\" aria-required=\"true\" aria-invalid=\"false\" placeholder=\"1VQUZN4Z-1VQUZN4Z-11111\" value=\"\" type=\"text\" name=\"your-number\" \/><\/span> <\/label>\n<\/p>\n<p><label> Ime i prezime<br \/>\n<span class=\"wpcf7-form-control-wrap\" data-name=\"your-name\"><input size=\"40\" maxlength=\"400\" class=\"wpcf7-form-control wpcf7-text wpcf7-validates-as-required\" aria-required=\"true\" aria-invalid=\"false\" value=\"\" type=\"text\" name=\"your-name\" \/><\/span> <\/label>\n<\/p>\n<p><label> Grad<br \/>\n<span class=\"wpcf7-form-control-wrap\" data-name=\"your-subject\"><input size=\"40\" maxlength=\"400\" class=\"wpcf7-form-control wpcf7-text wpcf7-validates-as-required\" aria-required=\"true\" aria-invalid=\"false\" value=\"\" type=\"text\" name=\"your-subject\" \/><\/span> <\/label>\n<\/p>\n<p><input class=\"wpcf7-form-control wpcf7-submit has-spinner\" type=\"submit\" value=\"Po\u0161alji\" \/>\n<\/p><div class=\"wpcf7-response-output\" aria-hidden=\"true\"><\/div>\n<\/form>\n<\/div>\n<\/div>\n            <\/div>\t\t\t\t<\/div>\n\t\t\t\t<div class=\"elementor-element elementor-element-33c7578 elementor-mobile-align-justify elementor-align-center elementor-widget elementor-widget-button\" data-id=\"33c7578\" data-element_type=\"widget\" data-widget_type=\"button.default\">\n\t\t\t\t\t\t\t\t\t\t<a class=\"elementor-button elementor-button-link elementor-size-sm\" href=\"https:\/\/francknagradjuje.ba\/wp-content\/uploads\/2026\/01\/Sluzbena_pravila_Franck_RS.pdf\" target=\"_blank\">\n\t\t\t\t\t\t<span class=\"elementor-button-content-wrapper\">\n\t\t\t\t\t\t\t\t\t<span class=\"elementor-button-text\">Pravila nagradne igre<\/span>\n\t\t\t\t\t<\/span>\n\t\t\t\t\t<\/a>\n\t\t\t\t\t\t\t\t<\/div>\n\t\t\t\t<\/div>\n\t\t\t\t\t<\/div>\n\t\t\t\t<\/div>\n\t\t<div class=\"elementor-element elementor-element-d8d0e1f e-flex e-con-boxed e-con e-parent\" data-id=\"d8d0e1f\" data-element_type=\"container\" data-settings=\"{&quot;background_background&quot;:&quot;classic&quot;}\">\n\t\t\t\t\t<div class=\"e-con-inner\">\n\t\t\t\t<div class=\"elementor-element elementor-element-6936db4 elementor-widget elementor-widget-text-editor\" data-id=\"6936db4\" data-element_type=\"widget\" data-widget_type=\"text-editor.default\">\n\t\t\t\t\t\t\t\t\t<p>Powered by SMS Vision | 2025 | Sva prava zadr\u017eana<\/p>\t\t\t\t\t\t\t\t<\/div>\n\t\t\t\t\t<\/div>\n\t\t\t\t<\/div>\n\t\t\t\t<\/div>\n\t\t","protected":false},"excerpt":{"rendered":"<p>Uz Franck svaki dan u\u017eivaj i super nagrade osvajaj! NAGRADNA IGRA 01.12. &#8211; 31.12.2025. Kupovinom Franck artikala u minimalnoj vrijednosti od 15 KM u\u010destvuj u nagradnoj igri! Po\u0161alji SMS sadr\u017eaja: broj fiskalnog ra\u010duna, ime i prezime, grad prebivali\u0161ta na 091 212 414 (cijena SMS poruke 0,20 KM+PDV) ili ispuni formu putem internet stranice: www.francknagradjuje.ba Pogledaj [&hellip;]<\/p>\n","protected":false},"author":1,"featured_media":0,"parent":0,"menu_order":0,"comment_status":"closed","ping_status":"closed","template":"elementor_canvas","meta":{"footnotes":""},"class_list":["post-57","page","type-page","status-publish","hentry"],"_links":{"self":[{"href":"https:\/\/francknagradjuje.ba\/index.php\/wp-json\/wp\/v2\/pages\/57","targetHints":{"allow":["GET"]}}],"collection":[{"href":"https:\/\/francknagradjuje.ba\/index.php\/wp-json\/wp\/v2\/pages"}],"about":[{"href":"https:\/\/francknagradjuje.ba\/index.php\/wp-json\/wp\/v2\/types\/page"}],"author":[{"embeddable":true,"href":"https:\/\/francknagradjuje.ba\/index.php\/wp-json\/wp\/v2\/users\/1"}],"replies":[{"embeddable":true,"href":"https:\/\/francknagradjuje.ba\/index.php\/wp-json\/wp\/v2\/comments?post=57"}],"version-history":[{"count":30,"href":"https:\/\/francknagradjuje.ba\/index.php\/wp-json\/wp\/v2\/pages\/57\/revisions"}],"predecessor-version":[{"id":167,"href":"https:\/\/francknagradjuje.ba\/index.php\/wp-json\/wp\/v2\/pages\/57\/revisions\/167"}],"wp:attachment":[{"href":"https:\/\/francknagradjuje.ba\/index.php\/wp-json\/wp\/v2\/media?parent=57"}],"curies":[{"name":"wp","href":"https:\/\/api.w.org\/{rel}","templated":true}]}}