{"id":125,"date":"2026-01-13T08:34:24","date_gmt":"2026-01-13T08:34:24","guid":{"rendered":"https:\/\/francknagradjuje.ba\/?page_id=125"},"modified":"2026-01-13T08:36:22","modified_gmt":"2026-01-13T08:36:22","slug":"dobitnici-rs","status":"publish","type":"page","link":"https:\/\/francknagradjuje.ba\/index.php\/dobitnici-rs\/","title":{"rendered":"Dobitnici &#8211; RS"},"content":{"rendered":"\t\t<div data-elementor-type=\"wp-page\" data-elementor-id=\"125\" class=\"elementor elementor-125\">\n\t\t\t\t<div class=\"elementor-element elementor-element-64f75f2 e-flex e-con-boxed elementor-invisible e-con e-parent\" data-id=\"64f75f2\" data-element_type=\"container\" data-settings=\"{&quot;animation&quot;:&quot;fadeIn&quot;}\">\n\t\t\t\t\t<div class=\"e-con-inner\">\n\t\t\t\t<div class=\"elementor-element elementor-element-c93d82f elementor-widget elementor-widget-heading\" data-id=\"c93d82f\" data-element_type=\"widget\" data-widget_type=\"heading.default\">\n\t\t\t\t\t<h3 class=\"elementor-heading-title elementor-size-default\">Dobitnici - RS<\/h3>\t\t\t\t<\/div>\n\t\t\t\t<div class=\"elementor-element elementor-element-0ba710f elementor-widget elementor-widget-shortcode\" data-id=\"0ba710f\" data-element_type=\"widget\" id=\"scroll\" data-widget_type=\"shortcode.default\">\n\t\t\t\t\t\t\t<div class=\"elementor-shortcode\">\n    <div class=\"wpdt-c \">\n    \n<input type=\"hidden\" id=\"wdtNonceFrontendEdit\" name=\"wdtNonceFrontendEdit\" value=\"fc7c15ebe1\" \/><input type=\"hidden\" name=\"_wp_http_referer\" value=\"\/index.php\/wp-json\/wp\/v2\/pages\/125\" \/>    <input type=\"hidden\" id=\"table_1_desc\" value='{\"tableId\":\"table_1\",\"tableType\":\"xls\",\"selector\":\"#table_1\",\"responsive\":true,\"responsiveAction\":\"icon\",\"infoBlock\":false,\"pagination\":0,\"paginationAlign\":\"right\",\"paginationLayout\":\"full_numbers\",\"paginationLayoutMobile\":\"simple\",\"file_location\":\"wp_media_lib\",\"table_wcag\":0,\"simple_template_id\":0,\"scrollable\":false,\"globalSearch\":false,\"showRowsPerPage\":false,\"hideBeforeLoad\":false,\"pagination_top\":0,\"number_format\":1,\"decimalPlaces\":2,\"spinnerSrc\":\"https:\\\/\\\/francknagradjuje.ba\\\/wp-content\\\/plugins\\\/wpdatatables\\\/assets\\\/\\\/img\\\/spinner.gif\",\"groupingEnabled\":false,\"tableWpId\":1,\"dataTableParams\":{\"sDom\":\"BT\\u003C\\u0027clear\\u0027\\u003Et\",\"bSortCellsTop\":false,\"aLengthMenu\":[[1,5,10,25,50,100,-1],[1,5,10,25,50,100,\"All\"]],\"iDisplayLength\":-1,\"columnDefs\":[{\"sType\":\"string\",\"wdtType\":\"string\",\"bVisible\":true,\"orderable\":true,\"searchable\":true,\"InputType\":\"text\",\"name\":\"Nagrada\",\"origHeader\":\"Nagrada\",\"notNull\":false,\"conditionalFormattingRules\":[],\"className\":\" column-nagrada\",\"aTargets\":[0]},{\"sType\":\"string\",\"wdtType\":\"string\",\"bVisible\":true,\"orderable\":true,\"searchable\":true,\"InputType\":\"text\",\"name\":\"Dobitnik\",\"origHeader\":\"Dobitnik\",\"notNull\":false,\"conditionalFormattingRules\":[],\"className\":\" column-dobitnik\",\"aTargets\":[1]}],\"bAutoWidth\":false,\"order\":[[0,\"asc\"]],\"ordering\":true,\"buttons\":[],\"oSearch\":{\"bSmart\":false,\"bRegex\":false,\"sSearch\":\"\"}},\"currentSkin\":\"skin1\",\"tabletWidth\":\"1024\",\"mobileWidth\":\"480\",\"columnsFixed\":0,\"timeFormat\":\"h:i A\",\"datepickFormat\":\"dd\\\/mm\\\/yy\"}'\/>\n\n    <table id=\"table_1\"\n           class=\"           responsive           display nowrap data-t wpDataTable wpDataTableID-1\"\n           style=\"\"\n           data-described-by='table_1_desc'\n           data-wpdatatable_id=\"1\">\n        \n        <!-- Table header -->\n        \n<thead>\n<tr>\n                    <th\n        data-class=\"expand\"                class=\" wdtheader sort \"\n        style=\"\">Nagrada<\/th>        <th\n                        class=\" wdtheader sort \"\n        style=\"\">Dobitnik<\/th>    <\/tr>\n<\/thead>\n        <!-- \/Table header -->\n\n        <!-- Table body -->\n        \n<tbody>\n        <tr id=\"table_1_row_0\">\n                    <td style=\"\">10,000.00 KM<\/td>\n                    <td style=\"\">Radoslav Deli\u0107, Gradi\u0161ka<\/td>\n            <\/tr>\n            <tr id=\"table_1_row_1\">\n                    <td style=\"\">Samsung Galaxy A17<\/td>\n                    <td style=\"\">Nikolina \u0110uki\u0107, Banja Luka<\/td>\n            <\/tr>\n            <tr id=\"table_1_row_2\">\n                    <td style=\"\">Samsung Galaxy A17<\/td>\n                    <td style=\"\">Milanka Gr\u010di\u0107, Gradi\u0161ka<\/td>\n            <\/tr>\n            <tr id=\"table_1_row_3\">\n                    <td style=\"\">Hisense TV 55<\/td>\n                    <td style=\"\">Vesna Markovi\u0107, Tesli\u0107<\/td>\n            <\/tr>\n            <tr id=\"table_1_row_4\">\n                    <td style=\"\">Hisense TV 55<\/td>\n                    <td style=\"\">Dragica \u0160urlan, Prijedor<\/td>\n            <\/tr>\n            <tr id=\"table_1_row_5\">\n                    <td style=\"\">Cafe aparat<\/td>\n                    <td style=\"\">Marijana Markovi\u0107, Prijedor<\/td>\n            <\/tr>\n            <tr id=\"table_1_row_6\">\n                    <td style=\"\">Cafe aparat<\/td>\n                    <td style=\"\">Dejana Matovi\u0107, Trebinje<\/td>\n            <\/tr>\n            <tr id=\"table_1_row_7\">\n                    <td style=\"\">Pametni sat<\/td>\n                    <td style=\"\">Sr\u0111an Milivojac, Gradi\u0161ka<\/td>\n            <\/tr>\n            <tr id=\"table_1_row_8\">\n                    <td style=\"\">Pametni sat<\/td>\n                    <td style=\"\">Lena Topi\u0107 Aramba\u0161i\u0107, Banja Luka<\/td>\n            <\/tr>\n            <tr id=\"table_1_row_9\">\n                    <td style=\"\">Poklon paket Franck<\/td>\n                    <td style=\"\">Danka Govedarica, Gacko<\/td>\n            <\/tr>\n            <tr id=\"table_1_row_10\">\n                    <td style=\"\">Poklon paket Franck<\/td>\n                    <td style=\"\">Igor Lonco, Isto\u010dno Sarajevo<\/td>\n            <\/tr>\n            <tr id=\"table_1_row_11\">\n                    <td style=\"\">Poklon paket Franck<\/td>\n                    <td style=\"\">Dra\u017een A\u0107i\u0107, \u0160amac<\/td>\n            <\/tr>\n            <tr id=\"table_1_row_12\">\n                    <td style=\"\">Poklon paket Franck<\/td>\n                    <td style=\"\">Vesna Kova\u010d, Trebinje<\/td>\n            <\/tr>\n            <tr id=\"table_1_row_13\">\n                    <td style=\"\">Poklon paket Franck<\/td>\n                    <td style=\"\">Mikanovi\u0107 Mile, Prijedor<\/td>\n            <\/tr>\n            <tr id=\"table_1_row_14\">\n                    <td style=\"\">Poklon paket Franck<\/td>\n                    <td style=\"\">Branko Spremo, Banja Luka<\/td>\n            <\/tr>\n            <tr id=\"table_1_row_15\">\n                    <td style=\"\">Poklon paket Franck<\/td>\n                    <td style=\"\">Milo\u0161 Loli\u0107, Banja Luka<\/td>\n            <\/tr>\n            <tr id=\"table_1_row_16\">\n                    <td style=\"\">Poklon paket Franck<\/td>\n                    <td style=\"\">Tatjana Popovi\u0107, Kozarska Dubica<\/td>\n            <\/tr>\n    <\/tbody>        <!-- \/Table body -->\n\n        \n    <\/table>\n\n        \n<\/div><style>\ntable.wpDataTable td.numdata { text-align: right !important; }\n<\/style>\n\n<\/div>\n\t\t\t\t\t\t<\/div>\n\t\t\t\t\t<\/div>\n\t\t\t\t<\/div>\n\t\t<div class=\"elementor-element elementor-element-d8d0e1f e-flex e-con-boxed e-con e-parent\" data-id=\"d8d0e1f\" data-element_type=\"container\" data-settings=\"{&quot;background_background&quot;:&quot;classic&quot;}\">\n\t\t\t\t\t<div class=\"e-con-inner\">\n\t\t\t\t<div class=\"elementor-element elementor-element-6936db4 elementor-widget elementor-widget-text-editor\" data-id=\"6936db4\" data-element_type=\"widget\" data-widget_type=\"text-editor.default\">\n\t\t\t\t\t\t\t\t\tPowered by SMS Vision | 2025 | Sva prava zadr\u017eana\t\t\t\t\t\t\t\t<\/div>\n\t\t\t\t\t<\/div>\n\t\t\t\t<\/div>\n\t\t\t\t<\/div>\n\t\t","protected":false},"excerpt":{"rendered":"<p>Dobitnici &#8211; RS Powered by SMS Vision | 2025 | Sva prava zadr\u017eana<\/p>\n","protected":false},"author":1,"featured_media":0,"parent":0,"menu_order":0,"comment_status":"closed","ping_status":"closed","template":"elementor_canvas","meta":{"footnotes":""},"class_list":["post-125","page","type-page","status-publish","hentry"],"_links":{"self":[{"href":"https:\/\/francknagradjuje.ba\/index.php\/wp-json\/wp\/v2\/pages\/125","targetHints":{"allow":["GET"]}}],"collection":[{"href":"https:\/\/francknagradjuje.ba\/index.php\/wp-json\/wp\/v2\/pages"}],"about":[{"href":"https:\/\/francknagradjuje.ba\/index.php\/wp-json\/wp\/v2\/types\/page"}],"author":[{"embeddable":true,"href":"https:\/\/francknagradjuje.ba\/index.php\/wp-json\/wp\/v2\/users\/1"}],"replies":[{"embeddable":true,"href":"https:\/\/francknagradjuje.ba\/index.php\/wp-json\/wp\/v2\/comments?post=125"}],"version-history":[{"count":7,"href":"https:\/\/francknagradjuje.ba\/index.php\/wp-json\/wp\/v2\/pages\/125\/revisions"}],"predecessor-version":[{"id":132,"href":"https:\/\/francknagradjuje.ba\/index.php\/wp-json\/wp\/v2\/pages\/125\/revisions\/132"}],"wp:attachment":[{"href":"https:\/\/francknagradjuje.ba\/index.php\/wp-json\/wp\/v2\/media?parent=125"}],"curies":[{"name":"wp","href":"https:\/\/api.w.org\/{rel}","templated":true}]}}